{"id":2,"date":"2020-10-06T20:23:20","date_gmt":"2020-10-06T20:23:20","guid":{"rendered":"http:\/\/eclairagedurgence.com\/?page_id=2"},"modified":"2020-10-14T15:25:21","modified_gmt":"2020-10-14T19:25:21","slug":"sample-page","status":"publish","type":"page","link":"https:\/\/eclairagedurgence.com\/","title":{"rendered":"Soyez pr\u00e9voyant !"},"content":{"rendered":"<p><img fetchpriority=\"high\" decoding=\"async\" width=\"1024\" height=\"444\" src=\"http:\/\/eclairagedurgence.com\/wp-content\/uploads\/2020\/10\/eclairage-1024x444.jpg\" alt=\"\" srcset=\"http:\/\/eclairagedurgence.com\/wp-content\/uploads\/2020\/10\/eclairage-1024x444.jpg 1024w, http:\/\/eclairagedurgence.com\/wp-content\/uploads\/2020\/10\/eclairage-300x130.jpg 300w, http:\/\/eclairagedurgence.com\/wp-content\/uploads\/2020\/10\/eclairage-768x333.jpg 768w, http:\/\/eclairagedurgence.com\/wp-content\/uploads\/2020\/10\/eclairage-1536x666.jpg 1536w, http:\/\/eclairagedurgence.com\/wp-content\/uploads\/2020\/10\/eclairage.jpg 1701w\" sizes=\"(max-width: 1024px) 100vw, 1024px\"><\/p>\n\n\n<figure class=\"wp-block-image size-large\"><img decoding=\"async\" width=\"1024\" height=\"444\" src=\"http:\/\/eclairagedurgence.com\/wp-content\/uploads\/2020\/10\/eclairage-1024x444.jpg\" alt=\"\" class=\"wp-image-36\" srcset=\"https:\/\/eclairagedurgence.com\/wp-content\/uploads\/2020\/10\/eclairage-1024x444.jpg 1024w, https:\/\/eclairagedurgence.com\/wp-content\/uploads\/2020\/10\/eclairage-300x130.jpg 300w, https:\/\/eclairagedurgence.com\/wp-content\/uploads\/2020\/10\/eclairage-768x333.jpg 768w, https:\/\/eclairagedurgence.com\/wp-content\/uploads\/2020\/10\/eclairage-1536x666.jpg 1536w, https:\/\/eclairagedurgence.com\/wp-content\/uploads\/2020\/10\/eclairage.jpg 1701w\" sizes=\"(max-width: 1024px) 100vw, 1024px\" \/><\/figure>\n\n\n\n<p>Panne d&rsquo;\u00e9lectricit\u00e9 dans votre secteur ? Vous \u00eates dans le noir ? Peur de chuter et de vous blaisser ? T\u00e2tonnements et d\u00e9sorganisation lors de pannes \u00e9lectriques ne sont pas rassurants ? Pensez : \u00c9clairage d&rsquo;urgence !<\/p>\n\n\n\n<p><strong>Soyez pr\u00e9voyant<\/strong> ! Sylprotec et son \u00e9quipe vous proposent des unit\u00e9s d&rsquo;urgence qui vous permettront de bien voir quand les situations se pr\u00e9senteront.<\/p>\n\n\n\n<p>Un syst\u00e8me d&rsquo;\u00e9clairage d&rsquo;urgence comprend un circuit interne qui agit comme une bascule d\u00e8s que le courant cesse. Les unit\u00e9s d&rsquo;\u00e9clairage sont munies de batteries recharg\u00e9es qui alimentent les phares \u00e9clairants lorsque le courant \u00e9lectrique est interrompu.<\/p>\n\n\n\n<p>Pour un bon fonctionnement, les unit\u00e9es d&rsquo;\u00e9clairage d&rsquo;urgence doivent passer les tests d&rsquo; inspection. Sylprotec vous propose de faire un entretien pr\u00e9ventif sur une base r\u00e9guli\u00e8re afin de d\u00e9tecter tous types d&rsquo;anomalie. Pensez-y, c&rsquo;est un bon investissement pour la sant\u00e9 et s\u00e9curit\u00e9 de vos travailleurs.<\/p>\n\n\n\n<div class=\"wp-block-image\"><figure class=\"aligncenter size-large is-resized\"><img decoding=\"async\" src=\"https:\/\/eclairagedurgence.com\/wp-content\/uploads\/2020\/10\/LUMR-B-1.png\" alt=\"\" class=\"wp-image-57\" width=\"543\" height=\"421\" srcset=\"https:\/\/eclairagedurgence.com\/wp-content\/uploads\/2020\/10\/LUMR-B-1.png 902w, https:\/\/eclairagedurgence.com\/wp-content\/uploads\/2020\/10\/LUMR-B-1-300x233.png 300w, https:\/\/eclairagedurgence.com\/wp-content\/uploads\/2020\/10\/LUMR-B-1-768x596.png 768w\" sizes=\"(max-width: 543px) 100vw, 543px\" \/><\/figure><\/div>\n\n\n\n<p><strong>Soyez s\u00e9curitaire<\/strong>. L&rsquo;entretien et les r\u00e9parations mineures de vos unit\u00e9s d&rsquo;\u00e9clairage pourraient r\u00e9duire les accidents. Notez qu&rsquo;un Luminaire Sortie est \u00e9galement un \u00e9quipements d&rsquo;\u00e9clairage d&rsquo;urgence que nous vous proposons.<\/p>\n\n\n\n<p>N&rsquo;attendez pas que vos unit\u00e9s d&rsquo;\u00e9clairage soient en panne pour agir. Contactez nous&nbsp;pour de plus amples renseignements ou consultez plus en profondeur <a href=\"https:\/\/www.sylprotec.com\/\" target=\"_blank\" rel=\"noreferrer noopener\">Sylprotec.com<\/a><\/p>\n\n\n<p>N&rsquo;attendez pas que vos unit\u00e9s d&rsquo;\u00e9clairage soient en panne pour agir. Contactez notre service \u00e0 la client\u00e8le pour de plus amples renseignements ou consulter plus en profondeur notre site et visitez notre boutique d&rsquo;achats en ligne.<\/p>\n<p>Vous pourrez obtenir les produits mentionn\u00e9s avec la compagnie <a href=\"https:\/\/amiantesmontreal.com\/\">Sylprotec<\/a>, si bien \u00e9videmment ils sont disponibles au moment o\u00f9 vous les contactez. Plus vite vous commandez meilleurs sont vos chances d\u2019obtenir les produits. De plus, vous pouvez \u00e9galement vous procurer des \u00e9quipements de s\u00e9curit\u00e9 ainsi que d\u2019autres articles pour votre <a href=\"https:\/\/www.sylprotec.com\/fr\/3-protection-incendie\">protection incendie<\/a>. Une fois sur le site vous aurez acc\u00e8s \u00e0 une foule d\u2019articles de s\u00e9curit\u00e9, tels que des <a href=\"https:\/\/www.sylprotec.com\/fr\/14-respirateurs-masques\">respirateurs<\/a>, des <a href=\"https:\/\/www.sylprotec.com\/fr\/10-premiers-soins\">articles de premiers soins<\/a>, des <a href=\"https:\/\/www.sylprotec.com\/fr\/166-signalisation-et-verrouillage\">affiches<\/a> et bien d\u2019autres encore\u2026<\/p>\n<p>Sylvain Patrice t.p.i.<\/p>\n<p>Du m\u00eame auteur :<\/p>\n<p><a href=\"https:\/\/extincteurrivesud.com\/\">O\u00f9 dois-je l\u2019installer mon extincteur portatif\u2009dans mon b\u00e2timent\u2009?<\/a><\/p>\n<p><a href=\"https:\/\/amiantesmontreal.com\/\">R\u00e9novations et protection contre l\u2019amiante.<\/a><\/p>\n<p><a href=\"https:\/\/protectionrespiratoire.ca\/\">Protection respiratoire, les respirateurs jetables.<\/a><\/p>\n<p><a href=\"https:\/\/doucheurgence.com\/\">Les douches d\u2019urgence combin\u00e9es en milieu industriel.<\/a><\/p>\n<p><a href=\"https:\/\/troussespremierssoins.ca\/\">Une question de contenu.<\/a><\/p>\n<p><a href=\"https:\/\/gantsmontreal.ca\/\">Le codex des gants de tricot avec enduit.<\/a><\/p>\n<p><a href=\"https:\/\/masquesdeprotection.ca\/\">Protection respiratoire, les respirateurs r\u00e9utilisables munis d\u2019\u00e9l\u00e9ments filtrants interchangeables<\/a>.<\/p>\n<p><\/p>\n<h1 style=\"line-height: 18px;\">&nbsp;<\/h1>","protected":false},"excerpt":{"rendered":"<p>Panne d&rsquo;\u00e9lectricit\u00e9 dans votre secteur ? Vous \u00eates dans le noir ? Peur de chuter et de vous blaisser ? T\u00e2tonnements et d\u00e9sorganisation lors de pannes \u00e9lectriques ne sont pas rassurants ? Pensez : \u00c9clairage d&rsquo;urgence ! Soyez pr\u00e9voyant ! Sylprotec et son \u00e9quipe vous proposent des unit\u00e9s d&rsquo;urgence qui vous permettront de bien voir&hellip;&nbsp;<\/p>\n","protected":false},"author":1,"featured_media":0,"parent":0,"menu_order":0,"comment_status":"closed","ping_status":"closed","template":"","meta":{"neve_meta_sidebar":"","neve_meta_container":"","neve_meta_enable_content_width":"","neve_meta_content_width":0,"neve_meta_title_alignment":"","neve_meta_author_avatar":"","neve_post_elements_order":"","neve_meta_disable_header":"","neve_meta_disable_footer":"","neve_meta_disable_title":"","footnotes":""},"class_list":["post-2","page","type-page","status-publish","hentry"],"_links":{"self":[{"href":"https:\/\/eclairagedurgence.com\/wp-json\/wp\/v2\/pages\/2","targetHints":{"allow":["GET"]}}],"collection":[{"href":"https:\/\/eclairagedurgence.com\/wp-json\/wp\/v2\/pages"}],"about":[{"href":"https:\/\/eclairagedurgence.com\/wp-json\/wp\/v2\/types\/page"}],"author":[{"embeddable":true,"href":"https:\/\/eclairagedurgence.com\/wp-json\/wp\/v2\/users\/1"}],"replies":[{"embeddable":true,"href":"https:\/\/eclairagedurgence.com\/wp-json\/wp\/v2\/comments?post=2"}],"version-history":[{"count":18,"href":"https:\/\/eclairagedurgence.com\/wp-json\/wp\/v2\/pages\/2\/revisions"}],"predecessor-version":[{"id":81,"href":"https:\/\/eclairagedurgence.com\/wp-json\/wp\/v2\/pages\/2\/revisions\/81"}],"wp:attachment":[{"href":"https:\/\/eclairagedurgence.com\/wp-json\/wp\/v2\/media?parent=2"}],"curies":[{"name":"wp","href":"https:\/\/api.w.org\/{rel}","templated":true}]}}